{"id":100,"date":"2022-01-15T17:14:54","date_gmt":"2022-01-15T15:14:54","guid":{"rendered":"https:\/\/www.seniorenrat-alb-donau-kreis.de\/?page_id=100"},"modified":"2022-02-28T13:38:23","modified_gmt":"2022-02-28T11:38:23","slug":"unser-engagement","status":"publish","type":"page","link":"https:\/\/www.seniorenrat-alb-donau-kreis.de\/?page_id=100","title":{"rendered":"Unser  Engagement"},"content":{"rendered":"<div class=\"fusion-fullwidth fullwidth-box fusion-builder-row-1 fusion-flex-container nonhundred-percent-fullwidth non-hundred-percent-height-scrolling\" style=\"--awb-border-radius-top-left:0px;--awb-border-radius-top-right:0px;--awb-border-radius-bottom-right:0px;--awb-border-radius-bottom-left:0px;--awb-flex-wrap:wrap;\" ><div class=\"fusion-builder-row fusion-row fusion-flex-align-items-flex-start fusion-flex-content-wrap\" style=\"max-width:1248px;margin-left: calc(-4% \/ 2 );margin-right: calc(-4% \/ 2 );\"><div class=\"fusion-layout-column fusion_builder_column fusion-builder-column-0 fusion_builder_column_1_1 1_1 fusion-flex-column\" style=\"--awb-bg-size:cover;--awb-width-large:100%;--awb-margin-top-large:0px;--awb-spacing-right-large:1.92%;--awb-margin-bottom-large:20px;--awb-spacing-left-large:1.92%;--awb-width-medium:100%;--awb-order-medium:0;--awb-spacing-right-medium:1.92%;--awb-spacing-left-medium:1.92%;--awb-width-small:100%;--awb-order-small:0;--awb-spacing-right-small:1.92%;--awb-spacing-left-small:1.92%;\"><div class=\"fusion-column-wrapper fusion-column-has-shadow fusion-flex-justify-content-flex-start fusion-content-layout-column\"><div class=\"fusion-title title fusion-title-1 fusion-sep-none fusion-title-text fusion-title-size-one\"><h1 class=\"fusion-title-heading title-heading-left\" style=\"margin:0;\">Unser Engagement<\/h1><\/div><div class=\"fusion-text fusion-text-1\"><ul>\n<li>Wir geben den \u00c4lteren eine Stimme<\/li>\n<li>Wir bieten eine Plattform f\u00fcr Meinungsbildung und Erfahrungsaustausch zu sozialen, kulturellen und wirtschaftlichen Fragen<\/li>\n<li>Wir vermitteln Wissenswertes zu Fragen und Entwicklungen des \u00c4lterwerdens<\/li>\n<li>Wir geben Impulse und Stellungsnahmen zu gesellschaftspolitischem Handeln<\/li>\n<li>Wir informieren umgehend \u00fcber aktuelle, relevante Themen und Entwicklungen zum Thema Alter<\/li>\n<li>Wir unterst\u00fctzen pr\u00e4ventive Ma\u00dfnahmen, die zur Erhaltung eines selbstbestimmten, unabh\u00e4ngigen und langen Lebens im gewohnten Umfeld beitragen<\/li>\n<li>Wir f\u00f6rdern ein respektvolles, generations\u00fcbergreifendes und soziales Miteinander f\u00fcr ein w\u00fcrdevolles Leben im Alter<\/li>\n<li>Wir organisieren \u00f6ffentliche Veranstaltungen und nehmen bei anderen Veranstaltungen und Ausstellungen zum Thema \u201e\u00c4ltere\u201c teil<\/li>\n<\/ul>\n<\/div><\/div><\/div><\/div><\/div>\n","protected":false},"excerpt":{"rendered":"","protected":false},"author":1,"featured_media":0,"parent":8,"menu_order":0,"comment_status":"closed","ping_status":"closed","template":"","meta":{"footnotes":""},"class_list":["post-100","page","type-page","status-publish","hentry"],"_links":{"self":[{"href":"https:\/\/www.seniorenrat-alb-donau-kreis.de\/index.php?rest_route=\/wp\/v2\/pages\/100","targetHints":{"allow":["GET"]}}],"collection":[{"href":"https:\/\/www.seniorenrat-alb-donau-kreis.de\/index.php?rest_route=\/wp\/v2\/pages"}],"about":[{"href":"https:\/\/www.seniorenrat-alb-donau-kreis.de\/index.php?rest_route=\/wp\/v2\/types\/page"}],"author":[{"embeddable":true,"href":"https:\/\/www.seniorenrat-alb-donau-kreis.de\/index.php?rest_route=\/wp\/v2\/users\/1"}],"replies":[{"embeddable":true,"href":"https:\/\/www.seniorenrat-alb-donau-kreis.de\/index.php?rest_route=%2Fwp%2Fv2%2Fcomments&post=100"}],"version-history":[{"count":5,"href":"https:\/\/www.seniorenrat-alb-donau-kreis.de\/index.php?rest_route=\/wp\/v2\/pages\/100\/revisions"}],"predecessor-version":[{"id":257,"href":"https:\/\/www.seniorenrat-alb-donau-kreis.de\/index.php?rest_route=\/wp\/v2\/pages\/100\/revisions\/257"}],"up":[{"embeddable":true,"href":"https:\/\/www.seniorenrat-alb-donau-kreis.de\/index.php?rest_route=\/wp\/v2\/pages\/8"}],"wp:attachment":[{"href":"https:\/\/www.seniorenrat-alb-donau-kreis.de\/index.php?rest_route=%2Fwp%2Fv2%2Fmedia&parent=100"}],"curies":[{"name":"wp","href":"https:\/\/api.w.org\/{rel}","templated":true}]}}