{"id":103,"date":"2022-01-15T17:18:35","date_gmt":"2022-01-15T15:18:35","guid":{"rendered":"https:\/\/www.seniorenrat-alb-donau-kreis.de\/?page_id=103"},"modified":"2022-10-13T16:22:05","modified_gmt":"2022-10-13T14:22:05","slug":"was-bieten-wir-an","status":"publish","type":"page","link":"https:\/\/www.seniorenrat-alb-donau-kreis.de\/?page_id=103","title":{"rendered":"Was bieten wir  an"},"content":{"rendered":"<div class=\"fusion-fullwidth fullwidth-box fusion-builder-row-1 fusion-flex-container nonhundred-percent-fullwidth non-hundred-percent-height-scrolling\" style=\"--awb-border-radius-top-left:0px;--awb-border-radius-top-right:0px;--awb-border-radius-bottom-right:0px;--awb-border-radius-bottom-left:0px;--awb-flex-wrap:wrap;\" ><div class=\"fusion-builder-row fusion-row fusion-flex-align-items-flex-start fusion-flex-content-wrap\" style=\"max-width:1248px;margin-left: calc(-4% \/ 2 );margin-right: calc(-4% \/ 2 );\"><div class=\"fusion-layout-column fusion_builder_column fusion-builder-column-0 fusion_builder_column_3_4 3_4 fusion-flex-column\" style=\"--awb-bg-size:cover;--awb-width-large:75%;--awb-margin-top-large:0px;--awb-spacing-right-large:2.56%;--awb-margin-bottom-large:20px;--awb-spacing-left-large:2.56%;--awb-width-medium:75%;--awb-order-medium:0;--awb-spacing-right-medium:2.56%;--awb-spacing-left-medium:2.56%;--awb-width-small:100%;--awb-order-small:0;--awb-spacing-right-small:1.92%;--awb-spacing-left-small:1.92%;\"><div class=\"fusion-column-wrapper fusion-column-has-shadow fusion-flex-justify-content-flex-start fusion-content-layout-column\"><div class=\"fusion-title title fusion-title-1 fusion-sep-none fusion-title-text fusion-title-size-one\"><h1 class=\"fusion-title-heading title-heading-left\" style=\"margin:0;\">Was bieten wir an<\/h1><\/div><div class=\"fusion-text fusion-text-1\"><p>Wir organisieren Kreisseniorentage mit Ausstellungen sowie Informationsveranstaltungen<\/p>\n<p>Wir bieten folgende Vortragsangebote f\u00fcr Gruppen:<\/p>\n<ul>\n<li>Information zur Seniorenarbeit<\/li>\n<li>Generationen im Wandel der Zeit<\/li>\n<li>Informationen begleitend zum Seniorenwegweiser und zur Vorsorgemappe<\/li>\n<li>Informationen zu den Tafell\u00e4den und \u201eErbacher Notgroschen\u201c<\/li>\n<li>Hilfe bei Sozial- und Rechtsfragen<\/li>\n<li>Informationen f\u00fcr Pension\u00e4re und Angestellte im \u00d6ffentlichen Dienst<\/li>\n<li>Informationen und Fragen zur Rente<\/li>\n<li>Informationen f\u00fcr Pflege im Alter<\/li>\n<li>Was wir \u00fcber Demenz wissen sollten<\/li>\n<li>Informationen f\u00fcr Angeh\u00f6rige und Betreuung \u201eWas mit Demenz noch alles geht\u201c (Vortrag oder Autorenlesung)<\/li>\n<\/ul>\n<p>Wir bieten Ver\u00f6ffentlichungen und Informationsmaterial an:<\/p>\n<ul>\n<li>Seniorenwegweiser f\u00fcr den Alb-Donau-Kreis<\/li>\n<li>Brosch\u00fcre Wohnen im Alter<\/li>\n<li>Vorsorgemappe mit Patientenverf\u00fcgung, Vorsorgevollmacht<br \/>\nBetreuungsverf\u00fcgung mit Begleitheft f\u00fcr Erwachsene als Hilfe f\u00fcr den Notfall<\/li>\n<\/ul>\n<\/div><\/div><\/div><div class=\"fusion-layout-column fusion_builder_column fusion-builder-column-1 fusion_builder_column_1_4 1_4 fusion-flex-column\" style=\"--awb-bg-size:cover;--awb-width-large:25%;--awb-margin-top-large:0px;--awb-spacing-right-large:7.68%;--awb-margin-bottom-large:20px;--awb-spacing-left-large:7.68%;--awb-width-medium:25%;--awb-order-medium:0;--awb-spacing-right-medium:7.68%;--awb-spacing-left-medium:7.68%;--awb-width-small:100%;--awb-order-small:0;--awb-spacing-right-small:1.92%;--awb-spacing-left-small:1.92%;\"><div class=\"fusion-column-wrapper fusion-column-has-shadow fusion-flex-justify-content-flex-start fusion-content-layout-column\"><div class=\"fusion-image-element \" style=\"--awb-caption-title-font-family:var(--h2_typography-font-family);--awb-caption-title-font-weight:var(--h2_typography-font-weight);--awb-caption-title-font-style:var(--h2_typography-font-style);--awb-caption-title-size:var(--h2_typography-font-size);--awb-caption-title-transform:var(--h2_typography-text-transform);--awb-caption-title-line-height:var(--h2_typography-line-height);--awb-caption-title-letter-spacing:var(--h2_typography-letter-spacing);\"><span class=\" fusion-imageframe imageframe-none imageframe-1 hover-type-none\"><img decoding=\"async\" width=\"287\" height=\"406\" title=\"Screenshot 2022-03-07 143155\" src=\"https:\/\/www.seniorenrat-alb-donau-kreis.de\/wp-content\/uploads\/2022\/03\/Screenshot-2022-03-07-143155.png\" alt class=\"img-responsive wp-image-241\" srcset=\"https:\/\/www.seniorenrat-alb-donau-kreis.de\/wp-content\/uploads\/2022\/03\/Screenshot-2022-03-07-143155-200x283.png 200w, https:\/\/www.seniorenrat-alb-donau-kreis.de\/wp-content\/uploads\/2022\/03\/Screenshot-2022-03-07-143155.png 287w\" sizes=\"(max-width: 640px) 100vw, 287px\" \/><\/span><\/div><div class=\"fusion-image-element \" style=\"--awb-caption-title-font-family:var(--h2_typography-font-family);--awb-caption-title-font-weight:var(--h2_typography-font-weight);--awb-caption-title-font-style:var(--h2_typography-font-style);--awb-caption-title-size:var(--h2_typography-font-size);--awb-caption-title-transform:var(--h2_typography-text-transform);--awb-caption-title-line-height:var(--h2_typography-line-height);--awb-caption-title-letter-spacing:var(--h2_typography-letter-spacing);\"><span class=\" fusion-imageframe imageframe-none imageframe-2 hover-type-none\"><img decoding=\"async\" width=\"213\" height=\"300\" title=\"Wohnraum_2\" src=\"https:\/\/www.seniorenrat-alb-donau-kreis.de\/wp-content\/uploads\/2022\/07\/Wohnraum_2-213x300.jpg\" alt class=\"img-responsive wp-image-266\" srcset=\"https:\/\/www.seniorenrat-alb-donau-kreis.de\/wp-content\/uploads\/2022\/07\/Wohnraum_2-200x282.jpg 200w, https:\/\/www.seniorenrat-alb-donau-kreis.de\/wp-content\/uploads\/2022\/07\/Wohnraum_2-400x564.jpg 400w, https:\/\/www.seniorenrat-alb-donau-kreis.de\/wp-content\/uploads\/2022\/07\/Wohnraum_2-600x846.jpg 600w, https:\/\/www.seniorenrat-alb-donau-kreis.de\/wp-content\/uploads\/2022\/07\/Wohnraum_2-800x1129.jpg 800w, https:\/\/www.seniorenrat-alb-donau-kreis.de\/wp-content\/uploads\/2022\/07\/Wohnraum_2.jpg 935w\" sizes=\"(max-width: 640px) 100vw, 400px\" \/><\/span><\/div><div class=\"fusion-image-element \" style=\"--awb-caption-title-font-family:var(--h2_typography-font-family);--awb-caption-title-font-weight:var(--h2_typography-font-weight);--awb-caption-title-font-style:var(--h2_typography-font-style);--awb-caption-title-size:var(--h2_typography-font-size);--awb-caption-title-transform:var(--h2_typography-text-transform);--awb-caption-title-line-height:var(--h2_typography-line-height);--awb-caption-title-letter-spacing:var(--h2_typography-letter-spacing);\"><span class=\" fusion-imageframe imageframe-none imageframe-3 hover-type-none\"><img decoding=\"async\" width=\"1857\" height=\"2560\" title=\"vm\" src=\"https:\/\/www.seniorenrat-alb-donau-kreis.de\/wp-content\/uploads\/2022\/03\/vm-scaled.jpg\" alt class=\"img-responsive wp-image-243\" srcset=\"https:\/\/www.seniorenrat-alb-donau-kreis.de\/wp-content\/uploads\/2022\/03\/vm-200x276.jpg 200w, https:\/\/www.seniorenrat-alb-donau-kreis.de\/wp-content\/uploads\/2022\/03\/vm-400x551.jpg 400w, https:\/\/www.seniorenrat-alb-donau-kreis.de\/wp-content\/uploads\/2022\/03\/vm-600x827.jpg 600w, https:\/\/www.seniorenrat-alb-donau-kreis.de\/wp-content\/uploads\/2022\/03\/vm-800x1103.jpg 800w, https:\/\/www.seniorenrat-alb-donau-kreis.de\/wp-content\/uploads\/2022\/03\/vm-1200x1654.jpg 1200w, https:\/\/www.seniorenrat-alb-donau-kreis.de\/wp-content\/uploads\/2022\/03\/vm-scaled.jpg 1857w\" sizes=\"(max-width: 640px) 100vw, 400px\" \/><\/span><\/div><\/div><\/div><\/div><\/div>\n","protected":false},"excerpt":{"rendered":"","protected":false},"author":1,"featured_media":0,"parent":8,"menu_order":0,"comment_status":"closed","ping_status":"closed","template":"","meta":{"footnotes":""},"class_list":["post-103","page","type-page","status-publish","hentry"],"_links":{"self":[{"href":"https:\/\/www.seniorenrat-alb-donau-kreis.de\/index.php?rest_route=\/wp\/v2\/pages\/103","targetHints":{"allow":["GET"]}}],"collection":[{"href":"https:\/\/www.seniorenrat-alb-donau-kreis.de\/index.php?rest_route=\/wp\/v2\/pages"}],"about":[{"href":"https:\/\/www.seniorenrat-alb-donau-kreis.de\/index.php?rest_route=\/wp\/v2\/types\/page"}],"author":[{"embeddable":true,"href":"https:\/\/www.seniorenrat-alb-donau-kreis.de\/index.php?rest_route=\/wp\/v2\/users\/1"}],"replies":[{"embeddable":true,"href":"https:\/\/www.seniorenrat-alb-donau-kreis.de\/index.php?rest_route=%2Fwp%2Fv2%2Fcomments&post=103"}],"version-history":[{"count":12,"href":"https:\/\/www.seniorenrat-alb-donau-kreis.de\/index.php?rest_route=\/wp\/v2\/pages\/103\/revisions"}],"predecessor-version":[{"id":293,"href":"https:\/\/www.seniorenrat-alb-donau-kreis.de\/index.php?rest_route=\/wp\/v2\/pages\/103\/revisions\/293"}],"up":[{"embeddable":true,"href":"https:\/\/www.seniorenrat-alb-donau-kreis.de\/index.php?rest_route=\/wp\/v2\/pages\/8"}],"wp:attachment":[{"href":"https:\/\/www.seniorenrat-alb-donau-kreis.de\/index.php?rest_route=%2Fwp%2Fv2%2Fmedia&parent=103"}],"curies":[{"name":"wp","href":"https:\/\/api.w.org\/{rel}","templated":true}]}}