{"id":18,"date":"2021-10-06T11:02:33","date_gmt":"2021-10-06T09:02:33","guid":{"rendered":"https:\/\/www.seniorenrat-alb-donau-kreis.de\/?page_id=18"},"modified":"2021-10-06T11:55:16","modified_gmt":"2021-10-06T09:55:16","slug":"kontakt","status":"publish","type":"page","link":"https:\/\/www.seniorenrat-alb-donau-kreis.de\/?page_id=18","title":{"rendered":"Kontakt"},"content":{"rendered":"<div class=\"fusion-fullwidth fullwidth-box fusion-builder-row-1 fusion-flex-container nonhundred-percent-fullwidth non-hundred-percent-height-scrolling\" style=\"--awb-border-radius-top-left:0px;--awb-border-radius-top-right:0px;--awb-border-radius-bottom-right:0px;--awb-border-radius-bottom-left:0px;--awb-flex-wrap:wrap;\" ><div class=\"fusion-builder-row fusion-row fusion-flex-align-items-flex-start fusion-flex-content-wrap\" style=\"max-width:1248px;margin-left: calc(-4% \/ 2 );margin-right: calc(-4% \/ 2 );\"><div class=\"fusion-layout-column fusion_builder_column fusion-builder-column-0 fusion_builder_column_1_1 1_1 fusion-flex-column\" style=\"--awb-bg-size:cover;--awb-width-large:100%;--awb-margin-top-large:0px;--awb-spacing-right-large:1.92%;--awb-margin-bottom-large:20px;--awb-spacing-left-large:1.92%;--awb-width-medium:100%;--awb-order-medium:0;--awb-spacing-right-medium:1.92%;--awb-spacing-left-medium:1.92%;--awb-width-small:100%;--awb-order-small:0;--awb-spacing-right-small:1.92%;--awb-spacing-left-small:1.92%;\"><div class=\"fusion-column-wrapper fusion-column-has-shadow fusion-flex-justify-content-flex-start fusion-content-layout-column\"><div class=\"fusion-title title fusion-title-1 fusion-sep-none fusion-title-text fusion-title-size-one\"><h1 class=\"fusion-title-heading title-heading-left\" style=\"margin:0;\">Kontakt<\/h1><\/div><div class=\"fusion-text fusion-text-1\"><p>Kreisseniorenrat<br \/>\nAlb-Donau-Kreis e.V.<\/p>\n<p>Buchenweg 9<br \/>\n89134 Blaustein<\/p>\n<p>Telefon 07304 \/ 41 53 6<br \/>\nTelefax 07304 \/ 65 51<br \/>\nE-Mail \u201eksr-alb-donaukreis@web.de\u201c<br \/>\nwww.seniorenrat-alb-donau-kreis.de<\/p>\n<p>Mitglied im Landesseniorenrat Baden-W\u00fcrttemberg e.V.<\/p>\n<p>Haftungshinweis: Trotz sorgf\u00e4ltiger inhaltlicher Kontrolle \u00fcbernehmen wir keine Haftung f\u00fcr die Inhalte externer Links. F\u00fcr den Inhalt der verlinkten Seiten sind ausschlie\u00dflich deren Betreiber verantwortlich.<\/p>\n<\/div><\/div><\/div><\/div><\/div>\n","protected":false},"excerpt":{"rendered":"","protected":false},"author":1,"featured_media":0,"parent":0,"menu_order":0,"comment_status":"closed","ping_status":"closed","template":"","meta":{"footnotes":""},"class_list":["post-18","page","type-page","status-publish","hentry"],"_links":{"self":[{"href":"https:\/\/www.seniorenrat-alb-donau-kreis.de\/index.php?rest_route=\/wp\/v2\/pages\/18","targetHints":{"allow":["GET"]}}],"collection":[{"href":"https:\/\/www.seniorenrat-alb-donau-kreis.de\/index.php?rest_route=\/wp\/v2\/pages"}],"about":[{"href":"https:\/\/www.seniorenrat-alb-donau-kreis.de\/index.php?rest_route=\/wp\/v2\/types\/page"}],"author":[{"embeddable":true,"href":"https:\/\/www.seniorenrat-alb-donau-kreis.de\/index.php?rest_route=\/wp\/v2\/users\/1"}],"replies":[{"embeddable":true,"href":"https:\/\/www.seniorenrat-alb-donau-kreis.de\/index.php?rest_route=%2Fwp%2Fv2%2Fcomments&post=18"}],"version-history":[{"count":2,"href":"https:\/\/www.seniorenrat-alb-donau-kreis.de\/index.php?rest_route=\/wp\/v2\/pages\/18\/revisions"}],"predecessor-version":[{"id":79,"href":"https:\/\/www.seniorenrat-alb-donau-kreis.de\/index.php?rest_route=\/wp\/v2\/pages\/18\/revisions\/79"}],"wp:attachment":[{"href":"https:\/\/www.seniorenrat-alb-donau-kreis.de\/index.php?rest_route=%2Fwp%2Fv2%2Fmedia&parent=18"}],"curies":[{"name":"wp","href":"https:\/\/api.w.org\/{rel}","templated":true}]}}