{"id":75,"date":"2021-10-06T11:53:02","date_gmt":"2021-10-06T09:53:02","guid":{"rendered":"https:\/\/www.seniorenrat-alb-donau-kreis.de\/?page_id=75"},"modified":"2022-10-12T17:39:02","modified_gmt":"2022-10-12T15:39:02","slug":"ansprechpartner-und-unterstuetzer","status":"publish","type":"page","link":"https:\/\/www.seniorenrat-alb-donau-kreis.de\/?page_id=75","title":{"rendered":"Ansprechpartner und Unterst\u00fctzer"},"content":{"rendered":"<p><div class=\"fusion-fullwidth fullwidth-box fusion-builder-row-1 fusion-flex-container nonhundred-percent-fullwidth non-hundred-percent-height-scrolling\" style=\"--awb-border-radius-top-left:0px;--awb-border-radius-top-right:0px;--awb-border-radius-bottom-right:0px;--awb-border-radius-bottom-left:0px;--awb-flex-wrap:wrap;\" ><div class=\"fusion-builder-row fusion-row fusion-flex-align-items-flex-start fusion-flex-content-wrap\" style=\"max-width:1248px;margin-left: calc(-4% \/ 2 );margin-right: calc(-4% \/ 2 );\"><div class=\"fusion-layout-column fusion_builder_column fusion-builder-column-0 fusion_builder_column_1_1 1_1 fusion-flex-column\" style=\"--awb-bg-size:cover;--awb-width-large:100%;--awb-margin-top-large:0px;--awb-spacing-right-large:1.92%;--awb-margin-bottom-large:20px;--awb-spacing-left-large:1.92%;--awb-width-medium:100%;--awb-order-medium:0;--awb-spacing-right-medium:1.92%;--awb-spacing-left-medium:1.92%;--awb-width-small:100%;--awb-order-small:0;--awb-spacing-right-small:1.92%;--awb-spacing-left-small:1.92%;\"><div class=\"fusion-column-wrapper fusion-column-has-shadow fusion-flex-justify-content-flex-start fusion-content-layout-column\"><div class=\"fusion-title title fusion-title-1 fusion-sep-none fusion-title-text fusion-title-size-one\"><h1 class=\"fusion-title-heading title-heading-left\" style=\"margin:0;\">Ansprechpartner und Unterst\u00fctzer<\/h1><\/div><div class=\"fusion-text fusion-text-1\"><p>Unsere Unterst\u00fctzer<\/p>\n<ul>\n<li><strong>Landratsamt Alb-Donau-Kreis<\/strong><\/li>\n<li><strong>Pflege GmbH Alb-Donau-Kreis<\/strong><\/li>\n<\/ul>\n<\/div><\/div><\/div><\/div><\/div><div class=\"fusion-fullwidth fullwidth-box fusion-builder-row-2 fusion-flex-container nonhundred-percent-fullwidth non-hundred-percent-height-scrolling\" style=\"--awb-border-radius-top-left:0px;--awb-border-radius-top-right:0px;--awb-border-radius-bottom-right:0px;--awb-border-radius-bottom-left:0px;--awb-flex-wrap:wrap;\" ><div class=\"fusion-builder-row fusion-row fusion-flex-align-items-flex-start fusion-flex-content-wrap\" style=\"max-width:1248px;margin-left: calc(-4% \/ 2 );margin-right: calc(-4% \/ 2 );\"><div class=\"fusion-layout-column fusion_builder_column fusion-builder-column-1 fusion_builder_column_1_4 1_4 fusion-flex-column\" style=\"--awb-bg-size:cover;--awb-width-large:25%;--awb-margin-top-large:0px;--awb-spacing-right-large:7.68%;--awb-margin-bottom-large:20px;--awb-spacing-left-large:7.68%;--awb-width-medium:25%;--awb-order-medium:0;--awb-spacing-right-medium:7.68%;--awb-spacing-left-medium:7.68%;--awb-width-small:100%;--awb-order-small:0;--awb-spacing-right-small:1.92%;--awb-spacing-left-small:1.92%;\"><div class=\"fusion-column-wrapper fusion-column-has-shadow fusion-flex-justify-content-flex-start fusion-content-layout-column\"><div class=\"fusion-image-element \" style=\"--awb-caption-title-font-family:var(--h2_typography-font-family);--awb-caption-title-font-weight:var(--h2_typography-font-weight);--awb-caption-title-font-style:var(--h2_typography-font-style);--awb-caption-title-size:var(--h2_typography-font-size);--awb-caption-title-transform:var(--h2_typography-text-transform);--awb-caption-title-line-height:var(--h2_typography-line-height);--awb-caption-title-letter-spacing:var(--h2_typography-letter-spacing);\"><span class=\" fusion-imageframe imageframe-none imageframe-1 hover-type-none\"><img decoding=\"async\" width=\"111\" height=\"127\" title=\"lsr\" src=\"https:\/\/www.seniorenrat-alb-donau-kreis.de\/wp-content\/uploads\/2022\/01\/lsr.jpg\" alt class=\"img-responsive wp-image-126\"\/><\/span><\/div><\/div><\/div><div class=\"fusion-layout-column fusion_builder_column fusion-builder-column-2 fusion_builder_column_3_4 3_4 fusion-flex-column\" style=\"--awb-bg-size:cover;--awb-width-large:75%;--awb-margin-top-large:0px;--awb-spacing-right-large:2.56%;--awb-margin-bottom-large:20px;--awb-spacing-left-large:2.56%;--awb-width-medium:75%;--awb-order-medium:0;--awb-spacing-right-medium:2.56%;--awb-spacing-left-medium:2.56%;--awb-width-small:100%;--awb-order-small:0;--awb-spacing-right-small:1.92%;--awb-spacing-left-small:1.92%;\"><div class=\"fusion-column-wrapper fusion-column-has-shadow fusion-flex-justify-content-flex-start fusion-content-layout-column\"><div class=\"fusion-text fusion-text-2\"><p><strong>Landesseniorenrat Baden-W\u00fcrttemberg:<br \/>\n<\/strong>Der Landesseniorenrat ist die Interessenvertretung der SeniorInnen gegen\u00fcber der Landesregierung Baden-W\u00fcrttemberg. In ihm sind alle Landesverb\u00e4nde mit Seniorenarbeit, sowie alle Stadt-, Kreis- und Ortsseniorenr\u00e4te vereint. Der Landesseniorenrat ist ein kritischer Begleiter und Partner bei Gesetzesvorhaben und<br \/>\nRegelungen, die in der Zust\u00e4ndigkeit der Landesregierung liegen.<br \/>\nVorsitzender: Prof. Dr. Eckart Hammer<br \/>\nwww.lsr-bw.de<\/p>\n<\/div><\/div><\/div><div class=\"fusion-layout-column fusion_builder_column fusion-builder-column-3 fusion_builder_column_1_4 1_4 fusion-flex-column\" style=\"--awb-bg-size:cover;--awb-width-large:25%;--awb-margin-top-large:0px;--awb-spacing-right-large:7.68%;--awb-margin-bottom-large:20px;--awb-spacing-left-large:7.68%;--awb-width-medium:25%;--awb-order-medium:0;--awb-spacing-right-medium:7.68%;--awb-spacing-left-medium:7.68%;--awb-width-small:100%;--awb-order-small:0;--awb-spacing-right-small:1.92%;--awb-spacing-left-small:1.92%;\"><div class=\"fusion-column-wrapper fusion-column-has-shadow fusion-flex-justify-content-flex-start fusion-content-layout-column\"><div class=\"fusion-image-element \" style=\"--awb-caption-title-font-family:var(--h2_typography-font-family);--awb-caption-title-font-weight:var(--h2_typography-font-weight);--awb-caption-title-font-style:var(--h2_typography-font-style);--awb-caption-title-size:var(--h2_typography-font-size);--awb-caption-title-transform:var(--h2_typography-text-transform);--awb-caption-title-line-height:var(--h2_typography-line-height);--awb-caption-title-letter-spacing:var(--h2_typography-letter-spacing);\"><span class=\" fusion-imageframe imageframe-none imageframe-2 hover-type-none\"><img decoding=\"async\" width=\"355\" height=\"216\" title=\"02_bagso_akronym_rgb\" src=\"https:\/\/www.seniorenrat-alb-donau-kreis.de\/wp-content\/uploads\/2022\/01\/02_bagso_akronym_rgb-e1645440593566.png\" alt class=\"img-responsive wp-image-123\" srcset=\"https:\/\/www.seniorenrat-alb-donau-kreis.de\/wp-content\/uploads\/2022\/01\/02_bagso_akronym_rgb-e1645440593566-200x122.png 200w, https:\/\/www.seniorenrat-alb-donau-kreis.de\/wp-content\/uploads\/2022\/01\/02_bagso_akronym_rgb-e1645440593566.png 355w\" sizes=\"(max-width: 640px) 100vw, 355px\" \/><\/span><\/div><\/div><\/div><div class=\"fusion-layout-column fusion_builder_column fusion-builder-column-4 fusion_builder_column_3_4 3_4 fusion-flex-column\" style=\"--awb-bg-size:cover;--awb-width-large:75%;--awb-margin-top-large:0px;--awb-spacing-right-large:2.56%;--awb-margin-bottom-large:20px;--awb-spacing-left-large:2.56%;--awb-width-medium:75%;--awb-order-medium:0;--awb-spacing-right-medium:2.56%;--awb-spacing-left-medium:2.56%;--awb-width-small:100%;--awb-order-small:0;--awb-spacing-right-small:1.92%;--awb-spacing-left-small:1.92%;\"><div class=\"fusion-column-wrapper fusion-column-has-shadow fusion-flex-justify-content-flex-start fusion-content-layout-column\"><div class=\"fusion-text fusion-text-3\"><p><strong>Bundesarbeitsgemeinschaft der Seniorenorganisationen (Bagso):<\/strong><br \/>\nDie Bundesarbeitsgemeinschaft der Seniorenorganisationen vertritt die Interessen der Senioren gegen\u00fcber der Bundesregierung. Sie thematisiert Probleme, macht sie \u00f6ffentlich, begleitet und ber\u00e4t kritisch die Regierung bei Gesetzesvorhaben und versucht durch \u00dcberzeugungskraft Fehlentwicklungen zu verhindern.<br \/>\nVorsitzende: Dr. Regina G\u00f6rner<br \/>\nwww.bagso.de<\/p>\n<\/div><\/div><\/div><\/div><\/div><div class=\"fusion-fullwidth fullwidth-box fusion-builder-row-3 fusion-flex-container nonhundred-percent-fullwidth non-hundred-percent-height-scrolling\" style=\"--awb-border-radius-top-left:0px;--awb-border-radius-top-right:0px;--awb-border-radius-bottom-right:0px;--awb-border-radius-bottom-left:0px;--awb-flex-wrap:wrap;\" ><div class=\"fusion-builder-row fusion-row fusion-flex-align-items-flex-start fusion-flex-content-wrap\" style=\"max-width:1248px;margin-left: calc(-4% \/ 2 );margin-right: calc(-4% \/ 2 );\"><div class=\"fusion-layout-column fusion_builder_column fusion-builder-column-5 fusion_builder_column_1_1 1_1 fusion-flex-column\" style=\"--awb-bg-size:cover;--awb-width-large:100%;--awb-margin-top-large:0px;--awb-spacing-right-large:1.92%;--awb-margin-bottom-large:20px;--awb-spacing-left-large:1.92%;--awb-width-medium:100%;--awb-order-medium:0;--awb-spacing-right-medium:1.92%;--awb-spacing-left-medium:1.92%;--awb-width-small:100%;--awb-order-small:0;--awb-spacing-right-small:1.92%;--awb-spacing-left-small:1.92%;\"><div class=\"fusion-column-wrapper fusion-column-has-shadow fusion-flex-justify-content-flex-start fusion-content-layout-column\"><div class=\"fusion-text fusion-text-4\"><p>Unsere Ansprechpartner<\/p>\n<ul>\n<li>Kommunen und Kirchen<\/li>\n<li>Verschiedene Bildungseinrichtungen: VHS, Zawiw<\/li>\n<li>Verb\u00e4nde und Vereine<\/li>\n<li>Sozialverb\u00e4nde, die im Bereich Senioren t\u00e4tig sind<\/li>\n<li>Zahlreiche Dienste und Einrichtungen aus dem Pflegebereich<\/li>\n<li>Pflegeb\u00fcndnis Ulm<\/li>\n<li>Seniorentreffs und Gruppen im Alb-Donau-Kreis<\/li>\n<li>Krankenkassen und Versicherungen<\/li>\n<li>Handwerk und Wirtschaft<\/li>\n<\/ul>\n<\/div><\/div><\/div><\/div><\/div><\/p>\n","protected":false},"excerpt":{"rendered":"","protected":false},"author":1,"featured_media":0,"parent":8,"menu_order":0,"comment_status":"closed","ping_status":"closed","template":"","meta":{"footnotes":""},"class_list":["post-75","page","type-page","status-publish","hentry"],"_links":{"self":[{"href":"https:\/\/www.seniorenrat-alb-donau-kreis.de\/index.php?rest_route=\/wp\/v2\/pages\/75","targetHints":{"allow":["GET"]}}],"collection":[{"href":"https:\/\/www.seniorenrat-alb-donau-kreis.de\/index.php?rest_route=\/wp\/v2\/pages"}],"about":[{"href":"https:\/\/www.seniorenrat-alb-donau-kreis.de\/index.php?rest_route=\/wp\/v2\/types\/page"}],"author":[{"embeddable":true,"href":"https:\/\/www.seniorenrat-alb-donau-kreis.de\/index.php?rest_route=\/wp\/v2\/users\/1"}],"replies":[{"embeddable":true,"href":"https:\/\/www.seniorenrat-alb-donau-kreis.de\/index.php?rest_route=%2Fwp%2Fv2%2Fcomments&post=75"}],"version-history":[{"count":14,"href":"https:\/\/www.seniorenrat-alb-donau-kreis.de\/index.php?rest_route=\/wp\/v2\/pages\/75\/revisions"}],"predecessor-version":[{"id":287,"href":"https:\/\/www.seniorenrat-alb-donau-kreis.de\/index.php?rest_route=\/wp\/v2\/pages\/75\/revisions\/287"}],"up":[{"embeddable":true,"href":"https:\/\/www.seniorenrat-alb-donau-kreis.de\/index.php?rest_route=\/wp\/v2\/pages\/8"}],"wp:attachment":[{"href":"https:\/\/www.seniorenrat-alb-donau-kreis.de\/index.php?rest_route=%2Fwp%2Fv2%2Fmedia&parent=75"}],"curies":[{"name":"wp","href":"https:\/\/api.w.org\/{rel}","templated":true}]}}